{"id":789,"date":"2025-10-31T12:14:41","date_gmt":"2025-10-31T12:14:41","guid":{"rendered":"https:\/\/palmeralexport.com\/services\/"},"modified":"2025-11-06T19:37:04","modified_gmt":"2025-11-06T19:37:04","slug":"services","status":"publish","type":"page","link":"https:\/\/palmeralexport.com\/fr\/services\/","title":{"rendered":"services"},"content":{"rendered":"\t\t<div data-elementor-type=\"wp-page\" data-elementor-id=\"789\" class=\"elementor elementor-789 elementor-299\" data-elementor-post-type=\"page\">\n\t\t\t\t<div class=\"elementor-element elementor-element-84b5491 e-flex e-con-boxed e-con e-parent\" data-id=\"84b5491\" data-element_type=\"container\" data-settings=\"{&quot;background_background&quot;:&quot;classic&quot;}\">\n\t\t\t\t\t<div class=\"e-con-inner\">\n\t\t\t\t<div class=\"elementor-element elementor-element-bec6d8c elementor-widget elementor-widget-heading\" data-id=\"bec6d8c\" data-element_type=\"widget\" data-widget_type=\"heading.default\">\n\t\t\t\t\t<h2 class=\"elementor-heading-title elementor-size-default\">Services<\/h2>\t\t\t\t<\/div>\n\t\t\t\t\t<\/div>\n\t\t\t\t<\/div>\n\t\t<div class=\"elementor-element elementor-element-fc2f8f4 e-flex e-con-boxed e-con e-parent\" data-id=\"fc2f8f4\" data-element_type=\"container\" data-settings=\"{&quot;background_background&quot;:&quot;classic&quot;}\">\n\t\t\t\t\t<div class=\"e-con-inner\">\n\t\t\t\t<div class=\"elementor-element elementor-element-909fe26 elementor-widget-divider--view-line elementor-widget elementor-widget-divider\" data-id=\"909fe26\" data-element_type=\"widget\" data-widget_type=\"divider.default\">\n\t\t\t\t\t\t\t<div class=\"elementor-divider\">\n\t\t\t<span class=\"elementor-divider-separator\">\n\t\t\t\t\t\t<\/span>\n\t\t<\/div>\n\t\t\t\t\t\t<\/div>\n\t\t\t\t<div class=\"elementor-element elementor-element-a8f0f79 elementor-widget elementor-widget-heading\" data-id=\"a8f0f79\" data-element_type=\"widget\" data-widget_type=\"heading.default\">\n\t\t\t\t\t<h2 class=\"elementor-heading-title elementor-size-default\">Nos services<\/h2>\t\t\t\t<\/div>\n\t\t<div class=\"elementor-element elementor-element-a5cfea8 e-grid e-con-full e-con e-child\" data-id=\"a5cfea8\" data-element_type=\"container\">\n\t\t<div class=\"elementor-element elementor-element-a0d3a94 e-con-full e-flex e-con e-child\" data-id=\"a0d3a94\" data-element_type=\"container\">\n\t\t\t\t<div class=\"elementor-element elementor-element-88e9a4e elementor-widget elementor-widget-heading\" data-id=\"88e9a4e\" data-element_type=\"widget\" data-widget_type=\"heading.default\">\n\t\t\t\t\t<h2 class=\"elementor-heading-title elementor-size-default\">Vaste exp\u00e9rience dans le domaine de l\u2019exportation<\/h2>\t\t\t\t<\/div>\n\t\t\t\t<div class=\"elementor-element elementor-element-19678ff elementor-widget elementor-widget-text-editor\" data-id=\"19678ff\" data-element_type=\"widget\" data-widget_type=\"text-editor.default\">\n\t\t\t\t\t\t\t\t\t<p>La force de notre facteur externe r\u00e9side dans l\u2019\u00e9tablissement d\u2019une large base de fournisseurs, ce qui d\u00e9finit les \u00e9l\u00e9ments les plus importants de notre cha\u00eene de valeur.<\/p>\t\t\t\t\t\t\t\t<\/div>\n\t\t\t\t<\/div>\n\t\t<div class=\"elementor-element elementor-element-9760263 e-con-full e-flex e-con e-child\" data-id=\"9760263\" data-element_type=\"container\">\n\t\t\t\t<div class=\"elementor-element elementor-element-c1e56b9 elementor-widget elementor-widget-heading\" data-id=\"c1e56b9\" data-element_type=\"widget\" data-widget_type=\"heading.default\">\n\t\t\t\t\t<h2 class=\"elementor-heading-title elementor-size-default\">R\u00e9seau de fournisseurs \u00e0 l\u2019\u00e9chelle europ\u00e9enne<\/h2>\t\t\t\t<\/div>\n\t\t\t\t<div class=\"elementor-element elementor-element-c1309f2 elementor-widget elementor-widget-text-editor\" data-id=\"c1309f2\" data-element_type=\"widget\" data-widget_type=\"text-editor.default\">\n\t\t\t\t\t\t\t\t\t<p>Nous concevons une expertise essentielle et innovante, en respectant des normes tr\u00e8s strictes et en exploitant toute notre exp\u00e9rience dans le d\u00e9veloppement de nos processus.<\/p>\t\t\t\t\t\t\t\t<\/div>\n\t\t\t\t<\/div>\n\t\t<div class=\"elementor-element elementor-element-e9534e1 e-con-full e-flex e-con e-child\" data-id=\"e9534e1\" data-element_type=\"container\">\n\t\t\t\t<div class=\"elementor-element elementor-element-4e60430 elementor-widget elementor-widget-heading\" data-id=\"4e60430\" data-element_type=\"widget\" data-widget_type=\"heading.default\">\n\t\t\t\t\t<h2 class=\"elementor-heading-title elementor-size-default\">Contact \u00e9troit et efficace avec nos clients<\/h2>\t\t\t\t<\/div>\n\t\t\t\t<div class=\"elementor-element elementor-element-5995bbf elementor-widget elementor-widget-text-editor\" data-id=\"5995bbf\" data-element_type=\"widget\" data-widget_type=\"text-editor.default\">\n\t\t\t\t\t\t\t\t\t<p>Nous tirons parti de tous les syst\u00e8mes de communication num\u00e9riques et physiques. Une communication authentique confirme pour nous la qualit\u00e9 du service et cr\u00e9e des opportunit\u00e9s innovantes et pr\u00e9cises.<\/p>\t\t\t\t\t\t\t\t<\/div>\n\t\t\t\t<\/div>\n\t\t<div class=\"elementor-element elementor-element-1ffcd58 e-con-full e-flex e-con e-child\" data-id=\"1ffcd58\" data-element_type=\"container\">\n\t\t\t\t<div class=\"elementor-element elementor-element-2b49cd6 elementor-widget elementor-widget-heading\" data-id=\"2b49cd6\" data-element_type=\"widget\" data-widget_type=\"heading.default\">\n\t\t\t\t\t<h2 class=\"elementor-heading-title elementor-size-default\">Logistique d\u2019exportation et traitement des commandes professionnels<\/h2>\t\t\t\t<\/div>\n\t\t\t\t<div class=\"elementor-element elementor-element-c59403e elementor-widget elementor-widget-text-editor\" data-id=\"c59403e\" data-element_type=\"widget\" data-widget_type=\"text-editor.default\">\n\t\t\t\t\t\t\t\t\t<p>Y compris&nbsp;:<br>\u2013 Traitement des commandes sp\u00e9cifique au pays.<br>\u2013 Inspections et certifications avant exp\u00e9dition (Cotecna, SGS, etc.)<\/p>\t\t\t\t\t\t\t\t<\/div>\n\t\t\t\t<\/div>\n\t\t<div class=\"elementor-element elementor-element-a4c08af e-con-full e-flex e-con e-child\" data-id=\"a4c08af\" data-element_type=\"container\">\n\t\t\t\t<div class=\"elementor-element elementor-element-aa76582 elementor-widget elementor-widget-heading\" data-id=\"aa76582\" data-element_type=\"widget\" data-widget_type=\"heading.default\">\n\t\t\t\t\t<h2 class=\"elementor-heading-title elementor-size-default\">Livraison internationale<\/h2>\t\t\t\t<\/div>\n\t\t\t\t<div class=\"elementor-element elementor-element-3a971e6 elementor-widget elementor-widget-text-editor\" data-id=\"3a971e6\" data-element_type=\"widget\" data-widget_type=\"text-editor.default\">\n\t\t\t\t\t\t\t\t\t<p>\u2013 Exp\u00e9dition par fret maritime (RoRo, LCL, FCL).<br>\u2013 Exp\u00e9ditions par fret a\u00e9rien.<br>\u2013 Livraison par coursier.<\/p>\t\t\t\t\t\t\t\t<\/div>\n\t\t\t\t<\/div>\n\t\t<div class=\"elementor-element elementor-element-8745ffd e-con-full e-flex e-con e-child\" data-id=\"8745ffd\" data-element_type=\"container\">\n\t\t\t\t<div class=\"elementor-element elementor-element-b2a1fac elementor-widget elementor-widget-heading\" data-id=\"b2a1fac\" data-element_type=\"widget\" data-widget_type=\"heading.default\">\n\t\t\t\t\t<h2 class=\"elementor-heading-title elementor-size-default\">Diff\u00e9rents modes de paiement<\/h2>\t\t\t\t<\/div>\n\t\t\t\t<div class=\"elementor-element elementor-element-9c21a95 elementor-widget elementor-widget-text-editor\" data-id=\"9c21a95\" data-element_type=\"widget\" data-widget_type=\"text-editor.default\">\n\t\t\t\t\t\t\t\t\t<p>Outre les m\u00e9thodes classiques, nous acceptons par exemple les paiements par&nbsp;:<br>Lettres de cr\u00e9dit.<\/p>\t\t\t\t\t\t\t\t<\/div>\n\t\t\t\t<\/div>\n\t\t\t\t<\/div>\n\t\t\t\t\t<\/div>\n\t\t\t\t<\/div>\n\t\t\t\t<\/div>\n\t\t","protected":false},"excerpt":{"rendered":"<p>Services Nos services Vaste exp\u00e9rience dans le domaine de l\u2019exportation La force de notre facteur externe r\u00e9side dans l\u2019\u00e9tablissement d\u2019une large base de fournisseurs, ce qui d\u00e9finit les \u00e9l\u00e9ments les plus importants de notre cha\u00eene de valeur. R\u00e9seau de fournisseurs \u00e0 l\u2019\u00e9chelle europ\u00e9enne Nous concevons une expertise essentielle et innovante, en respectant des normes tr\u00e8s [&hellip;]<\/p>\n","protected":false},"author":2,"featured_media":0,"parent":0,"menu_order":0,"comment_status":"closed","ping_status":"closed","template":"","meta":{"footnotes":""},"class_list":["post-789","page","type-page","status-publish","hentry"],"_hostinger_reach_plugin_has_subscription_block":false,"_hostinger_reach_plugin_is_elementor":false,"_links":{"self":[{"href":"https:\/\/palmeralexport.com\/fr\/wp-json\/wp\/v2\/pages\/789","targetHints":{"allow":["GET"]}}],"collection":[{"href":"https:\/\/palmeralexport.com\/fr\/wp-json\/wp\/v2\/pages"}],"about":[{"href":"https:\/\/palmeralexport.com\/fr\/wp-json\/wp\/v2\/types\/page"}],"author":[{"embeddable":true,"href":"https:\/\/palmeralexport.com\/fr\/wp-json\/wp\/v2\/users\/2"}],"replies":[{"embeddable":true,"href":"https:\/\/palmeralexport.com\/fr\/wp-json\/wp\/v2\/comments?post=789"}],"version-history":[{"count":1,"href":"https:\/\/palmeralexport.com\/fr\/wp-json\/wp\/v2\/pages\/789\/revisions"}],"predecessor-version":[{"id":790,"href":"https:\/\/palmeralexport.com\/fr\/wp-json\/wp\/v2\/pages\/789\/revisions\/790"}],"wp:attachment":[{"href":"https:\/\/palmeralexport.com\/fr\/wp-json\/wp\/v2\/media?parent=789"}],"curies":[{"name":"wp","href":"https:\/\/api.w.org\/{rel}","templated":true}]}}