{"id":785,"date":"2025-10-31T12:14:51","date_gmt":"2025-10-31T12:14:51","guid":{"rendered":"https:\/\/palmeralexport.com\/mission\/"},"modified":"2025-11-06T19:36:20","modified_gmt":"2025-11-06T19:36:20","slug":"mission","status":"publish","type":"page","link":"https:\/\/palmeralexport.com\/fr\/mission\/","title":{"rendered":"mission"},"content":{"rendered":"\t\t<div data-elementor-type=\"wp-page\" data-elementor-id=\"785\" class=\"elementor elementor-785 elementor-303\" data-elementor-post-type=\"page\">\n\t\t\t\t<div class=\"elementor-element elementor-element-c7589b0 e-con-full e-flex e-con e-parent\" data-id=\"c7589b0\" data-element_type=\"container\" data-settings=\"{&quot;background_background&quot;:&quot;classic&quot;}\">\n\t\t\t\t<div class=\"elementor-element elementor-element-5bd8987 elementor-widget elementor-widget-heading\" data-id=\"5bd8987\" data-element_type=\"widget\" data-widget_type=\"heading.default\">\n\t\t\t\t\t<h2 class=\"elementor-heading-title elementor-size-default\">Mission<\/h2>\t\t\t\t<\/div>\n\t\t\t\t<\/div>\n\t\t<div class=\"elementor-element elementor-element-d865b3b e-flex e-con-boxed e-con e-parent\" data-id=\"d865b3b\" data-element_type=\"container\">\n\t\t\t\t\t<div class=\"e-con-inner\">\n\t\t\t\t<div class=\"elementor-element elementor-element-a58d9c9 elementor-widget elementor-widget-text-editor\" data-id=\"a58d9c9\" data-element_type=\"widget\" data-widget_type=\"text-editor.default\">\n\t\t\t\t\t\t\t\t\t<p>L&rsquo;entreprise PCP PALMERA ARTS pr\u00e9voit de figurer parmi les leaders du commerce international de pi\u00e8ces automobiles d&rsquo;origine et de rechange et nous serons ravis d&rsquo;\u00e9tablir une coop\u00e9ration \u00e0 long terme avec tout partenaire : fournisseur ou client afin de d\u00e9velopper une activit\u00e9 mutuellement b\u00e9n\u00e9fique et prosp\u00e8re.<\/p><p>Nous faisons de notre mieux pour rendre tous les achats aussi rapides que possible, pratiques et avantageux pour nos clients. Si ce processus s&rsquo;av\u00e8re aussi agr\u00e9able pour vous que l&rsquo;achat d&rsquo;une nouvelle voiture, nous consid\u00e9rerons que notre mission est pleinement accomplie.<\/p><p>Cordialement,<\/p><p>L&rsquo;\u00e9quipe PCP PALMERA ARTS.<\/p><p> <\/p>\t\t\t\t\t\t\t\t<\/div>\n\t\t\t\t\t<\/div>\n\t\t\t\t<\/div>\n\t\t\t\t<\/div>\n\t\t","protected":false},"excerpt":{"rendered":"<p>Mission L&rsquo;entreprise PCP PALMERA ARTS pr\u00e9voit de figurer parmi les leaders du commerce international de pi\u00e8ces automobiles d&rsquo;origine et de rechange et nous serons ravis d&rsquo;\u00e9tablir une coop\u00e9ration \u00e0 long terme avec tout partenaire : fournisseur ou client afin de d\u00e9velopper une activit\u00e9 mutuellement b\u00e9n\u00e9fique et prosp\u00e8re. Nous faisons de notre mieux pour rendre tous [&hellip;]<\/p>\n","protected":false},"author":2,"featured_media":0,"parent":0,"menu_order":0,"comment_status":"closed","ping_status":"closed","template":"","meta":{"footnotes":""},"class_list":["post-785","page","type-page","status-publish","hentry"],"_hostinger_reach_plugin_has_subscription_block":false,"_hostinger_reach_plugin_is_elementor":false,"_links":{"self":[{"href":"https:\/\/palmeralexport.com\/fr\/wp-json\/wp\/v2\/pages\/785","targetHints":{"allow":["GET"]}}],"collection":[{"href":"https:\/\/palmeralexport.com\/fr\/wp-json\/wp\/v2\/pages"}],"about":[{"href":"https:\/\/palmeralexport.com\/fr\/wp-json\/wp\/v2\/types\/page"}],"author":[{"embeddable":true,"href":"https:\/\/palmeralexport.com\/fr\/wp-json\/wp\/v2\/users\/2"}],"replies":[{"embeddable":true,"href":"https:\/\/palmeralexport.com\/fr\/wp-json\/wp\/v2\/comments?post=785"}],"version-history":[{"count":1,"href":"https:\/\/palmeralexport.com\/fr\/wp-json\/wp\/v2\/pages\/785\/revisions"}],"predecessor-version":[{"id":786,"href":"https:\/\/palmeralexport.com\/fr\/wp-json\/wp\/v2\/pages\/785\/revisions\/786"}],"wp:attachment":[{"href":"https:\/\/palmeralexport.com\/fr\/wp-json\/wp\/v2\/media?parent=785"}],"curies":[{"name":"wp","href":"https:\/\/api.w.org\/{rel}","templated":true}]}}