{"id":787,"date":"2025-10-31T12:14:41","date_gmt":"2025-10-31T12:14:41","guid":{"rendered":"https:\/\/palmeralexport.com\/servicios\/"},"modified":"2025-11-06T19:37:04","modified_gmt":"2025-11-06T19:37:04","slug":"servicios","status":"publish","type":"page","link":"https:\/\/palmeralexport.com\/es\/servicios\/","title":{"rendered":"servicios"},"content":{"rendered":"\t\t<div data-elementor-type=\"wp-page\" data-elementor-id=\"787\" class=\"elementor elementor-787 elementor-299\" data-elementor-post-type=\"page\">\n\t\t\t\t<div class=\"elementor-element elementor-element-84b5491 e-flex e-con-boxed e-con e-parent\" data-id=\"84b5491\" data-element_type=\"container\" data-settings=\"{&quot;background_background&quot;:&quot;classic&quot;}\">\n\t\t\t\t\t<div class=\"e-con-inner\">\n\t\t\t\t<div class=\"elementor-element elementor-element-bec6d8c elementor-widget elementor-widget-heading\" data-id=\"bec6d8c\" data-element_type=\"widget\" data-widget_type=\"heading.default\">\n\t\t\t\t\t<h2 class=\"elementor-heading-title elementor-size-default\">Servicios<\/h2>\t\t\t\t<\/div>\n\t\t\t\t\t<\/div>\n\t\t\t\t<\/div>\n\t\t<div class=\"elementor-element elementor-element-fc2f8f4 e-flex e-con-boxed e-con e-parent\" data-id=\"fc2f8f4\" data-element_type=\"container\" data-settings=\"{&quot;background_background&quot;:&quot;classic&quot;}\">\n\t\t\t\t\t<div class=\"e-con-inner\">\n\t\t\t\t<div class=\"elementor-element elementor-element-909fe26 elementor-widget-divider--view-line elementor-widget elementor-widget-divider\" data-id=\"909fe26\" data-element_type=\"widget\" data-widget_type=\"divider.default\">\n\t\t\t\t\t\t\t<div class=\"elementor-divider\">\n\t\t\t<span class=\"elementor-divider-separator\">\n\t\t\t\t\t\t<\/span>\n\t\t<\/div>\n\t\t\t\t\t\t<\/div>\n\t\t\t\t<div class=\"elementor-element elementor-element-a8f0f79 elementor-widget elementor-widget-heading\" data-id=\"a8f0f79\" data-element_type=\"widget\" data-widget_type=\"heading.default\">\n\t\t\t\t\t<h2 class=\"elementor-heading-title elementor-size-default\">Nuestros servicios<\/h2>\t\t\t\t<\/div>\n\t\t<div class=\"elementor-element elementor-element-a5cfea8 e-grid e-con-full e-con e-child\" data-id=\"a5cfea8\" data-element_type=\"container\">\n\t\t<div class=\"elementor-element elementor-element-a0d3a94 e-con-full e-flex e-con e-child\" data-id=\"a0d3a94\" data-element_type=\"container\">\n\t\t\t\t<div class=\"elementor-element elementor-element-88e9a4e elementor-widget elementor-widget-heading\" data-id=\"88e9a4e\" data-element_type=\"widget\" data-widget_type=\"heading.default\">\n\t\t\t\t\t<h2 class=\"elementor-heading-title elementor-size-default\">Amplia experiencia en exportaciones<\/h2>\t\t\t\t<\/div>\n\t\t\t\t<div class=\"elementor-element elementor-element-19678ff elementor-widget elementor-widget-text-editor\" data-id=\"19678ff\" data-element_type=\"widget\" data-widget_type=\"text-editor.default\">\n\t\t\t\t\t\t\t\t\t<p>La fortaleza de nuestro factor externo es el establecimiento de una amplia base de proveedores, y esto define las partes m\u00e1s importantes de nuestra cadena de valor.<\/p>\t\t\t\t\t\t\t\t<\/div>\n\t\t\t\t<\/div>\n\t\t<div class=\"elementor-element elementor-element-9760263 e-con-full e-flex e-con e-child\" data-id=\"9760263\" data-element_type=\"container\">\n\t\t\t\t<div class=\"elementor-element elementor-element-c1e56b9 elementor-widget elementor-widget-heading\" data-id=\"c1e56b9\" data-element_type=\"widget\" data-widget_type=\"heading.default\">\n\t\t\t\t\t<h2 class=\"elementor-heading-title elementor-size-default\">Red de proveedores a nivel europeo<\/h2>\t\t\t\t<\/div>\n\t\t\t\t<div class=\"elementor-element elementor-element-c1309f2 elementor-widget elementor-widget-text-editor\" data-id=\"c1309f2\" data-element_type=\"widget\" data-widget_type=\"text-editor.default\">\n\t\t\t\t\t\t\t\t\t<p>Dise\u00f1amos conocimientos especializados b\u00e1sicos e innovadores, respetando est\u00e1ndares altamente definidos, aprovechando toda nuestra experiencia en el desarrollo de nuestros procesos.<\/p>\t\t\t\t\t\t\t\t<\/div>\n\t\t\t\t<\/div>\n\t\t<div class=\"elementor-element elementor-element-e9534e1 e-con-full e-flex e-con e-child\" data-id=\"e9534e1\" data-element_type=\"container\">\n\t\t\t\t<div class=\"elementor-element elementor-element-4e60430 elementor-widget elementor-widget-heading\" data-id=\"4e60430\" data-element_type=\"widget\" data-widget_type=\"heading.default\">\n\t\t\t\t\t<h2 class=\"elementor-heading-title elementor-size-default\">Contacto cercano y eficaz con nuestros clientes<\/h2>\t\t\t\t<\/div>\n\t\t\t\t<div class=\"elementor-element elementor-element-5995bbf elementor-widget elementor-widget-text-editor\" data-id=\"5995bbf\" data-element_type=\"widget\" data-widget_type=\"text-editor.default\">\n\t\t\t\t\t\t\t\t\t<p>Aprovechamos todos los sistemas de comunicaci\u00f3n digitales y f\u00edsicos. La comunicaci\u00f3n verdadera confirma para nosotros la calidad del servicio y crea oportunidades innovadoras y precisas.<\/p>\t\t\t\t\t\t\t\t<\/div>\n\t\t\t\t<\/div>\n\t\t<div class=\"elementor-element elementor-element-1ffcd58 e-con-full e-flex e-con e-child\" data-id=\"1ffcd58\" data-element_type=\"container\">\n\t\t\t\t<div class=\"elementor-element elementor-element-2b49cd6 elementor-widget elementor-widget-heading\" data-id=\"2b49cd6\" data-element_type=\"widget\" data-widget_type=\"heading.default\">\n\t\t\t\t\t<h2 class=\"elementor-heading-title elementor-size-default\">Log\u00edstica de exportaci\u00f3n y procesamiento de pedidos profesionales<\/h2>\t\t\t\t<\/div>\n\t\t\t\t<div class=\"elementor-element elementor-element-c59403e elementor-widget elementor-widget-text-editor\" data-id=\"c59403e\" data-element_type=\"widget\" data-widget_type=\"text-editor.default\">\n\t\t\t\t\t\t\t\t\t<p>Incluyendo:<br>\u2013 Procesamiento de pedidos espec\u00edfico de cada pa\u00eds.<br>\u2013 Inspecciones y certificaciones previas al env\u00edo (Cotecna, SGS, etc.)<\/p>\t\t\t\t\t\t\t\t<\/div>\n\t\t\t\t<\/div>\n\t\t<div class=\"elementor-element elementor-element-a4c08af e-con-full e-flex e-con e-child\" data-id=\"a4c08af\" data-element_type=\"container\">\n\t\t\t\t<div class=\"elementor-element elementor-element-aa76582 elementor-widget elementor-widget-heading\" data-id=\"aa76582\" data-element_type=\"widget\" data-widget_type=\"heading.default\">\n\t\t\t\t\t<h2 class=\"elementor-heading-title elementor-size-default\">Entrega internacional<\/h2>\t\t\t\t<\/div>\n\t\t\t\t<div class=\"elementor-element elementor-element-3a971e6 elementor-widget elementor-widget-text-editor\" data-id=\"3a971e6\" data-element_type=\"widget\" data-widget_type=\"text-editor.default\">\n\t\t\t\t\t\t\t\t\t<p>\u2013 Env\u00edo de carga mar\u00edtima (RoRo, LCL, FCL).<br>\u2013 Env\u00edos de carga a\u00e9rea.<br>\u2013 Entrega por mensajer\u00eda.<\/p>\t\t\t\t\t\t\t\t<\/div>\n\t\t\t\t<\/div>\n\t\t<div class=\"elementor-element elementor-element-8745ffd e-con-full e-flex e-con e-child\" data-id=\"8745ffd\" data-element_type=\"container\">\n\t\t\t\t<div class=\"elementor-element elementor-element-b2a1fac elementor-widget elementor-widget-heading\" data-id=\"b2a1fac\" data-element_type=\"widget\" data-widget_type=\"heading.default\">\n\t\t\t\t\t<h2 class=\"elementor-heading-title elementor-size-default\">Diferentes m\u00e9todos de pago<\/h2>\t\t\t\t<\/div>\n\t\t\t\t<div class=\"elementor-element elementor-element-9c21a95 elementor-widget elementor-widget-text-editor\" data-id=\"9c21a95\" data-element_type=\"widget\" data-widget_type=\"text-editor.default\">\n\t\t\t\t\t\t\t\t\t<p>Adem\u00e1s de los m\u00e9todos cl\u00e1sicos, aceptamos, por ejemplo, pagos mediante:<br>Cartas de cr\u00e9dito.<\/p>\t\t\t\t\t\t\t\t<\/div>\n\t\t\t\t<\/div>\n\t\t\t\t<\/div>\n\t\t\t\t\t<\/div>\n\t\t\t\t<\/div>\n\t\t\t\t<\/div>\n\t\t","protected":false},"excerpt":{"rendered":"<p>Servicios Nuestros servicios Amplia experiencia en exportaciones La fortaleza de nuestro factor externo es el establecimiento de una amplia base de proveedores, y esto define las partes m\u00e1s importantes de nuestra cadena de valor. Red de proveedores a nivel europeo Dise\u00f1amos conocimientos especializados b\u00e1sicos e innovadores, respetando est\u00e1ndares altamente definidos, aprovechando toda nuestra experiencia en [&hellip;]<\/p>\n","protected":false},"author":2,"featured_media":0,"parent":0,"menu_order":0,"comment_status":"closed","ping_status":"closed","template":"","meta":{"footnotes":""},"class_list":["post-787","page","type-page","status-publish","hentry"],"_hostinger_reach_plugin_has_subscription_block":false,"_hostinger_reach_plugin_is_elementor":false,"_links":{"self":[{"href":"https:\/\/palmeralexport.com\/es\/wp-json\/wp\/v2\/pages\/787","targetHints":{"allow":["GET"]}}],"collection":[{"href":"https:\/\/palmeralexport.com\/es\/wp-json\/wp\/v2\/pages"}],"about":[{"href":"https:\/\/palmeralexport.com\/es\/wp-json\/wp\/v2\/types\/page"}],"author":[{"embeddable":true,"href":"https:\/\/palmeralexport.com\/es\/wp-json\/wp\/v2\/users\/2"}],"replies":[{"embeddable":true,"href":"https:\/\/palmeralexport.com\/es\/wp-json\/wp\/v2\/comments?post=787"}],"version-history":[{"count":1,"href":"https:\/\/palmeralexport.com\/es\/wp-json\/wp\/v2\/pages\/787\/revisions"}],"predecessor-version":[{"id":788,"href":"https:\/\/palmeralexport.com\/es\/wp-json\/wp\/v2\/pages\/787\/revisions\/788"}],"wp:attachment":[{"href":"https:\/\/palmeralexport.com\/es\/wp-json\/wp\/v2\/media?parent=787"}],"curies":[{"name":"wp","href":"https:\/\/api.w.org\/{rel}","templated":true}]}}