{"id":783,"date":"2025-10-31T12:14:51","date_gmt":"2025-10-31T12:14:51","guid":{"rendered":"https:\/\/palmeralexport.com\/mision\/"},"modified":"2025-11-06T19:36:20","modified_gmt":"2025-11-06T19:36:20","slug":"mision","status":"publish","type":"page","link":"https:\/\/palmeralexport.com\/es\/mision\/","title":{"rendered":"misi\u00f3n"},"content":{"rendered":"\t\t<div data-elementor-type=\"wp-page\" data-elementor-id=\"783\" class=\"elementor elementor-783 elementor-303\" data-elementor-post-type=\"page\">\n\t\t\t\t<div class=\"elementor-element elementor-element-c7589b0 e-con-full e-flex e-con e-parent\" data-id=\"c7589b0\" data-element_type=\"container\" data-settings=\"{&quot;background_background&quot;:&quot;classic&quot;}\">\n\t\t\t\t<div class=\"elementor-element elementor-element-5bd8987 elementor-widget elementor-widget-heading\" data-id=\"5bd8987\" data-element_type=\"widget\" data-widget_type=\"heading.default\">\n\t\t\t\t\t<h2 class=\"elementor-heading-title elementor-size-default\">Misi\u00f3n<\/h2>\t\t\t\t<\/div>\n\t\t\t\t<\/div>\n\t\t<div class=\"elementor-element elementor-element-d865b3b e-flex e-con-boxed e-con e-parent\" data-id=\"d865b3b\" data-element_type=\"container\">\n\t\t\t\t\t<div class=\"e-con-inner\">\n\t\t\t\t<div class=\"elementor-element elementor-element-a58d9c9 elementor-widget elementor-widget-text-editor\" data-id=\"a58d9c9\" data-element_type=\"widget\" data-widget_type=\"text-editor.default\">\n\t\t\t\t\t\t\t\t\t<p>La empresa PCP PALMERA ARTS tiene previsto situarse entre los l\u00edderes del comercio internacional de piezas de repuesto originales y no originales, y nos complacer\u00e1 mantener una cooperaci\u00f3n a largo plazo con cualquier socio, ya sea proveedor o cliente, con el fin de llevar a cabo negocios mutuos y exitosos.<\/p><p>Estamos haciendo todo lo posible para que todas las compras sean lo m\u00e1s r\u00e1pidas, convenientes y beneficiosas posible para nuestros clientes. Si este proceso le resulta tan agradable como la propia compra de un coche nuevo, consideraremos que nuestra misi\u00f3n se ha cumplido plenamente.<\/p><p>Atentamente,<\/p><p>El equipo de PCP PALMERA ARTS.<\/p><p> <\/p>\t\t\t\t\t\t\t\t<\/div>\n\t\t\t\t\t<\/div>\n\t\t\t\t<\/div>\n\t\t\t\t<\/div>\n\t\t","protected":false},"excerpt":{"rendered":"<p>Misi\u00f3n La empresa PCP PALMERA ARTS tiene previsto situarse entre los l\u00edderes del comercio internacional de piezas de repuesto originales y no originales, y nos complacer\u00e1 mantener una cooperaci\u00f3n a largo plazo con cualquier socio, ya sea proveedor o cliente, con el fin de llevar a cabo negocios mutuos y exitosos. Estamos haciendo todo lo [&hellip;]<\/p>\n","protected":false},"author":2,"featured_media":0,"parent":0,"menu_order":0,"comment_status":"closed","ping_status":"closed","template":"","meta":{"footnotes":""},"class_list":["post-783","page","type-page","status-publish","hentry"],"_hostinger_reach_plugin_has_subscription_block":false,"_hostinger_reach_plugin_is_elementor":false,"_links":{"self":[{"href":"https:\/\/palmeralexport.com\/es\/wp-json\/wp\/v2\/pages\/783","targetHints":{"allow":["GET"]}}],"collection":[{"href":"https:\/\/palmeralexport.com\/es\/wp-json\/wp\/v2\/pages"}],"about":[{"href":"https:\/\/palmeralexport.com\/es\/wp-json\/wp\/v2\/types\/page"}],"author":[{"embeddable":true,"href":"https:\/\/palmeralexport.com\/es\/wp-json\/wp\/v2\/users\/2"}],"replies":[{"embeddable":true,"href":"https:\/\/palmeralexport.com\/es\/wp-json\/wp\/v2\/comments?post=783"}],"version-history":[{"count":1,"href":"https:\/\/palmeralexport.com\/es\/wp-json\/wp\/v2\/pages\/783\/revisions"}],"predecessor-version":[{"id":784,"href":"https:\/\/palmeralexport.com\/es\/wp-json\/wp\/v2\/pages\/783\/revisions\/784"}],"wp:attachment":[{"href":"https:\/\/palmeralexport.com\/es\/wp-json\/wp\/v2\/media?parent=783"}],"curies":[{"name":"wp","href":"https:\/\/api.w.org\/{rel}","templated":true}]}}